{"id":3,"date":"2021-11-30T14:04:14","date_gmt":"2021-11-30T16:04:14","guid":{"rendered":"https:\/\/farofadecolher.com.br\/loja\/?page_id=3"},"modified":"2022-01-21T21:50:43","modified_gmt":"2022-01-21T23:50:43","slug":"politica-de-privacidade","status":"publish","type":"page","link":"https:\/\/farofadecolher.com.br\/loja\/politica-de-privacidade\/","title":{"rendered":"Pol\u00edtica de privacidade"},"content":{"rendered":"\r\n<h2 class=\"wp-block-heading\">Quem somos<\/h2>\r\n\r\n\r\n\r\n<p>A Far\u00f3 \u2013 Farofa de colher, virou febre na mesa de centenas de Brasileiros e dentro e fora do Pa\u00eds, com combina\u00e7\u00f5es tradicionais e inovadoras, veja nosso blog com sugest\u00f5es de receitas.<\/p>\r\n\r\n\r\n\r\n<h2 class=\"wp-block-heading\">Coment\u00e1rios<\/h2>\r\n\r\n\r\n\r\n<p>Quando os visitantes se cadastram ou deixam coment\u00e1rios no site, coletamos os dados mostrados no formul\u00e1rio de coment\u00e1rios, al\u00e9m do endere\u00e7o de IP e de dados do navegador do visitante, para auxiliar na detec\u00e7\u00e3o de spam.<\/p>\r\n\r\n\r\n\r\n\r\n\r\n\r\n\r\n<h2 class=\"wp-block-heading\">Cookies<\/h2>\r\n\r\n\r\n\r\n<p>Ao deixar um coment\u00e1rio no site, voc\u00ea poder\u00e1 optar por salvar seu nome, e-mail e site nos cookies. Isso visa seu conforto, assim voc\u00ea n\u00e3o precisar\u00e1 preencher seus dados novamente quando fizer outro coment\u00e1rio. Estes cookies duram um ano.<\/p>\r\n\r\n\r\n\r\n<p>Se voc\u00ea tem uma conta e acessa este site, um cookie tempor\u00e1rio ser\u00e1 criado para determinar se seu navegador aceita cookies. Ele n\u00e3o cont\u00e9m nenhum dado pessoal e ser\u00e1 descartado quando voc\u00ea fechar seu navegador.<\/p>\r\n\r\n\r\n\r\n<p>Quando voc\u00ea acessa sua conta no site, tamb\u00e9m criamos v\u00e1rios cookies para salvar os dados da sua conta e suas escolhas de exibi\u00e7\u00e3o de tela. Cookies de login s\u00e3o mantidos por dois dias e cookies de op\u00e7\u00f5es de tela por um ano. Se voc\u00ea selecionar &#8220;Lembrar-me&#8221;, seu acesso ser\u00e1 mantido por duas semanas. Se voc\u00ea se desconectar da sua conta, os cookies de login ser\u00e3o removidos.<\/p>\r\n\r\n\r\n\r\n<p>Se voc\u00ea editar ou publicar um artigo, um cookie adicional ser\u00e1 salvo no seu navegador. Este cookie n\u00e3o inclui nenhum dado pessoal e simplesmente indica o ID do post referente ao artigo que voc\u00ea acabou de editar. Ele expira depois de 1 dia.<\/p>\r\n\r\n\r\n\r\n<h2 class=\"wp-block-heading\">Por quanto tempo mantemos os seus dados<\/h2>\r\n\r\n\r\n\r\n<p>Se voc\u00ea deixar um coment\u00e1rio, o coment\u00e1rio e os seus metadados s\u00e3o conservados indefinidamente. Fazemos isso para que seja poss\u00edvel reconhecer e aprovar automaticamente qualquer coment\u00e1rio posterior ao inv\u00e9s de ret\u00ea-lo para modera\u00e7\u00e3o.<\/p>\r\n\r\n\r\n\r\n<p>Para usu\u00e1rios que se registram no nosso site, tamb\u00e9m guardamos as informa\u00e7\u00f5es pessoais que fornecem no seu perfil de usu\u00e1rio. Todos os usu\u00e1rios podem ver, editar ou excluir suas informa\u00e7\u00f5es pessoais a qualquer momento (s\u00f3 n\u00e3o \u00e9 poss\u00edvel alterar o seu username). Os administradores de sites tamb\u00e9m podem ver e editar estas informa\u00e7\u00f5es.<\/p>\r\n\r\n\r\n\r\n<h2 class=\"wp-block-heading\">Quais os seus direitos sobre seus dados<\/h2>\r\n\r\n\r\n\r\n<p>Se voc\u00ea tiver uma conta neste site ou se tiver deixado coment\u00e1rios, pode solicitar um arquivo exportado dos dados pessoais que mantemos sobre voc\u00ea, inclusive quaisquer dados que nos tenha fornecido. Tamb\u00e9m pode solicitar que removamos qualquer dado pessoal que mantemos sobre voc\u00ea. Isto n\u00e3o inclui nenhuns dados que somos obrigados a manter para prop\u00f3sitos administrativos, legais ou de seguran\u00e7a.<\/p>\r\n\r\n\r\n","protected":false},"excerpt":{"rendered":"<p>Quem somos A Far\u00f3 \u2013 Farofa de colher, virou febre na mesa de centenas de Brasileiros e dentro e fora do Pa\u00eds, com combina\u00e7\u00f5es tradicionais e inovadoras, veja nosso blog com sugest\u00f5es de receitas. Coment\u00e1rios Quando os visitantes se cadastram ou deixam coment\u00e1rios no site, coletamos os dados mostrados no formul\u00e1rio de coment\u00e1rios, al\u00e9m do [&hellip;]<\/p>\n","protected":false},"author":1,"featured_media":0,"parent":0,"menu_order":0,"comment_status":"closed","ping_status":"closed","template":"","meta":{"ocean_post_layout":"","ocean_both_sidebars_style":"","ocean_both_sidebars_content_width":0,"ocean_both_sidebars_sidebars_width":0,"ocean_sidebar":"0","ocean_second_sidebar":"0","ocean_disable_margins":"enable","ocean_add_body_class":"","ocean_shortcode_before_top_bar":"","ocean_shortcode_after_top_bar":"","ocean_shortcode_before_header":"","ocean_shortcode_after_header":"","ocean_has_shortcode":"","ocean_shortcode_after_title":"","ocean_shortcode_before_footer_widgets":"","ocean_shortcode_after_footer_widgets":"","ocean_shortcode_before_footer_bottom":"","ocean_shortcode_after_footer_bottom":"","ocean_display_top_bar":"default","ocean_display_header":"default","ocean_header_style":"","ocean_center_header_left_menu":"0","ocean_custom_header_template":"0","ocean_custom_logo":0,"ocean_custom_retina_logo":0,"ocean_custom_logo_max_width":0,"ocean_custom_logo_tablet_max_width":0,"ocean_custom_logo_mobile_max_width":0,"ocean_custom_logo_max_height":0,"ocean_custom_logo_tablet_max_height":0,"ocean_custom_logo_mobile_max_height":0,"ocean_header_custom_menu":"0","ocean_menu_typo_font_family":"0","ocean_menu_typo_font_subset":"","ocean_menu_typo_font_size":0,"ocean_menu_typo_font_size_tablet":0,"ocean_menu_typo_font_size_mobile":0,"ocean_menu_typo_font_size_unit":"px","ocean_menu_typo_font_weight":"","ocean_menu_typo_font_weight_tablet":"","ocean_menu_typo_font_weight_mobile":"","ocean_menu_typo_transform":"","ocean_menu_typo_transform_tablet":"","ocean_menu_typo_transform_mobile":"","ocean_menu_typo_line_height":0,"ocean_menu_typo_line_height_tablet":0,"ocean_menu_typo_line_height_mobile":0,"ocean_menu_typo_line_height_unit":"","ocean_menu_typo_spacing":0,"ocean_menu_typo_spacing_tablet":0,"ocean_menu_typo_spacing_mobile":0,"ocean_menu_typo_spacing_unit":"","ocean_menu_link_color":"","ocean_menu_link_color_hover":"","ocean_menu_link_color_active":"","ocean_menu_link_background":"","ocean_menu_link_hover_background":"","ocean_menu_link_active_background":"","ocean_menu_social_links_bg":"","ocean_menu_social_hover_links_bg":"","ocean_menu_social_links_color":"","ocean_menu_social_hover_links_color":"","ocean_disable_title":"default","ocean_disable_heading":"default","ocean_post_title":"","ocean_post_subheading":"","ocean_post_title_style":"","ocean_post_title_background_color":"","ocean_post_title_background":0,"ocean_post_title_bg_image_position":"","ocean_post_title_bg_image_attachment":"","ocean_post_title_bg_image_repeat":"","ocean_post_title_bg_image_size":"","ocean_post_title_height":0,"ocean_post_title_bg_overlay":0.5,"ocean_post_title_bg_overlay_color":"","ocean_disable_breadcrumbs":"default","ocean_breadcrumbs_color":"","ocean_breadcrumbs_separator_color":"","ocean_breadcrumbs_links_color":"","ocean_breadcrumbs_links_hover_color":"","ocean_display_footer_widgets":"default","ocean_display_footer_bottom":"default","ocean_custom_footer_template":"0","footnotes":""},"class_list":["post-3","page","type-page","status-publish","hentry","entry","owp-thumbs-layout-horizontal","owp-btn-big","owp-tabs-layout-horizontal","has-no-thumbnails","has-product-nav"],"yoast_head":"<!-- This site is optimized with the Yoast SEO plugin v27.4 - https:\/\/yoast.com\/product\/yoast-seo-wordpress\/ -->\n<title>Far\u00f3 a sua farofa de colher - Pol\u00edtica de privacidade<\/title>\n<meta name=\"description\" content=\"Pol\u00edtica de privacidade - Far\u00f3, voc\u00ea vai querer comer de colher!\" \/>\n<meta name=\"robots\" content=\"index, follow, max-snippet:-1, max-image-preview:large, max-video-preview:-1\" \/>\n<link rel=\"canonical\" href=\"https:\/\/farofadecolher.com.br\/loja\/politica-de-privacidade\/\" \/>\n<meta property=\"og:locale\" content=\"pt_BR\" \/>\n<meta property=\"og:type\" content=\"article\" \/>\n<meta property=\"og:title\" content=\"Far\u00f3 a sua farofa de colher - Pol\u00edtica de privacidade\" \/>\n<meta property=\"og:description\" content=\"Pol\u00edtica de privacidade - Far\u00f3, voc\u00ea vai querer comer de colher!\" \/>\n<meta property=\"og:url\" content=\"https:\/\/farofadecolher.com.br\/loja\/politica-de-privacidade\/\" \/>\n<meta property=\"og:site_name\" content=\"Farofa de Colher\" \/>\n<meta property=\"article:modified_time\" content=\"2022-01-21T23:50:43+00:00\" \/>\n<meta property=\"og:image\" content=\"https:\/\/farofadecolher.com.br\/loja\/wp-content\/uploads\/2021\/11\/WhatsApp-Image-2021-11-22-at-14.56.04.jpeg\" \/>\n\t<meta property=\"og:image:width\" content=\"1200\" \/>\n\t<meta property=\"og:image:height\" content=\"1600\" \/>\n\t<meta property=\"og:image:type\" content=\"image\/jpeg\" \/>\n<meta name=\"twitter:card\" content=\"summary_large_image\" \/>\n<meta name=\"twitter:label1\" content=\"Est. tempo de leitura\" \/>\n\t<meta name=\"twitter:data1\" content=\"2 minutos\" \/>\n<script type=\"application\/ld+json\" class=\"yoast-schema-graph\">{\"@context\":\"https:\\\/\\\/schema.org\",\"@graph\":[{\"@type\":\"WebPage\",\"@id\":\"https:\\\/\\\/farofadecolher.com.br\\\/loja\\\/politica-de-privacidade\\\/\",\"url\":\"https:\\\/\\\/farofadecolher.com.br\\\/loja\\\/politica-de-privacidade\\\/\",\"name\":\"Far\u00f3 a sua farofa de colher - Pol\u00edtica de privacidade\",\"isPartOf\":{\"@id\":\"https:\\\/\\\/farofadecolher.com.br\\\/loja\\\/#website\"},\"datePublished\":\"2021-11-30T16:04:14+00:00\",\"dateModified\":\"2022-01-21T23:50:43+00:00\",\"description\":\"Pol\u00edtica de privacidade - Far\u00f3, voc\u00ea vai querer comer de colher!\",\"breadcrumb\":{\"@id\":\"https:\\\/\\\/farofadecolher.com.br\\\/loja\\\/politica-de-privacidade\\\/#breadcrumb\"},\"inLanguage\":\"pt-BR\",\"potentialAction\":[{\"@type\":\"ReadAction\",\"target\":[\"https:\\\/\\\/farofadecolher.com.br\\\/loja\\\/politica-de-privacidade\\\/\"]}]},{\"@type\":\"BreadcrumbList\",\"@id\":\"https:\\\/\\\/farofadecolher.com.br\\\/loja\\\/politica-de-privacidade\\\/#breadcrumb\",\"itemListElement\":[{\"@type\":\"ListItem\",\"position\":1,\"name\":\"In\u00edcio\",\"item\":\"https:\\\/\\\/farofadecolher.com.br\\\/loja\\\/\"},{\"@type\":\"ListItem\",\"position\":2,\"name\":\"Pol\u00edtica de privacidade\"}]},{\"@type\":\"WebSite\",\"@id\":\"https:\\\/\\\/farofadecolher.com.br\\\/loja\\\/#website\",\"url\":\"https:\\\/\\\/farofadecolher.com.br\\\/loja\\\/\",\"name\":\"Farofa de Colher\",\"description\":\"Voc\u00ea vai querer comer de colher!\",\"publisher\":{\"@id\":\"https:\\\/\\\/farofadecolher.com.br\\\/loja\\\/#organization\"},\"alternateName\":\"FarofaDeColher.com.br\",\"potentialAction\":[{\"@type\":\"SearchAction\",\"target\":{\"@type\":\"EntryPoint\",\"urlTemplate\":\"https:\\\/\\\/farofadecolher.com.br\\\/loja\\\/?s={search_term_string}\"},\"query-input\":{\"@type\":\"PropertyValueSpecification\",\"valueRequired\":true,\"valueName\":\"search_term_string\"}}],\"inLanguage\":\"pt-BR\"},{\"@type\":\"Organization\",\"@id\":\"https:\\\/\\\/farofadecolher.com.br\\\/loja\\\/#organization\",\"name\":\"Far\u00f3\",\"alternateName\":\"FarofaDeColher.com.br\",\"url\":\"https:\\\/\\\/farofadecolher.com.br\\\/loja\\\/\",\"logo\":{\"@type\":\"ImageObject\",\"inLanguage\":\"pt-BR\",\"@id\":\"https:\\\/\\\/farofadecolher.com.br\\\/loja\\\/#\\\/schema\\\/logo\\\/image\\\/\",\"url\":\"https:\\\/\\\/farofadecolher.com.br\\\/loja\\\/wp-content\\\/uploads\\\/2021\\\/11\\\/cropped-Logo-1.png\",\"contentUrl\":\"https:\\\/\\\/farofadecolher.com.br\\\/loja\\\/wp-content\\\/uploads\\\/2021\\\/11\\\/cropped-Logo-1.png\",\"width\":822,\"height\":409,\"caption\":\"Far\u00f3\"},\"image\":{\"@id\":\"https:\\\/\\\/farofadecolher.com.br\\\/loja\\\/#\\\/schema\\\/logo\\\/image\\\/\"},\"sameAs\":[\"https:\\\/\\\/www.instagram.com\\\/brumatteoni\\\/\"]}]}<\/script>\n<!-- \/ Yoast SEO plugin. -->","yoast_head_json":{"title":"Far\u00f3 a sua farofa de colher - Pol\u00edtica de privacidade","description":"Pol\u00edtica de privacidade - Far\u00f3, voc\u00ea vai querer comer de colher!","robots":{"index":"index","follow":"follow","max-snippet":"max-snippet:-1","max-image-preview":"max-image-preview:large","max-video-preview":"max-video-preview:-1"},"canonical":"https:\/\/farofadecolher.com.br\/loja\/politica-de-privacidade\/","og_locale":"pt_BR","og_type":"article","og_title":"Far\u00f3 a sua farofa de colher - Pol\u00edtica de privacidade","og_description":"Pol\u00edtica de privacidade - Far\u00f3, voc\u00ea vai querer comer de colher!","og_url":"https:\/\/farofadecolher.com.br\/loja\/politica-de-privacidade\/","og_site_name":"Farofa de Colher","article_modified_time":"2022-01-21T23:50:43+00:00","og_image":[{"width":1200,"height":1600,"url":"https:\/\/farofadecolher.com.br\/loja\/wp-content\/uploads\/2021\/11\/WhatsApp-Image-2021-11-22-at-14.56.04.jpeg","type":"image\/jpeg"}],"twitter_card":"summary_large_image","twitter_misc":{"Est. tempo de leitura":"2 minutos"},"schema":{"@context":"https:\/\/schema.org","@graph":[{"@type":"WebPage","@id":"https:\/\/farofadecolher.com.br\/loja\/politica-de-privacidade\/","url":"https:\/\/farofadecolher.com.br\/loja\/politica-de-privacidade\/","name":"Far\u00f3 a sua farofa de colher - Pol\u00edtica de privacidade","isPartOf":{"@id":"https:\/\/farofadecolher.com.br\/loja\/#website"},"datePublished":"2021-11-30T16:04:14+00:00","dateModified":"2022-01-21T23:50:43+00:00","description":"Pol\u00edtica de privacidade - Far\u00f3, voc\u00ea vai querer comer de colher!","breadcrumb":{"@id":"https:\/\/farofadecolher.com.br\/loja\/politica-de-privacidade\/#breadcrumb"},"inLanguage":"pt-BR","potentialAction":[{"@type":"ReadAction","target":["https:\/\/farofadecolher.com.br\/loja\/politica-de-privacidade\/"]}]},{"@type":"BreadcrumbList","@id":"https:\/\/farofadecolher.com.br\/loja\/politica-de-privacidade\/#breadcrumb","itemListElement":[{"@type":"ListItem","position":1,"name":"In\u00edcio","item":"https:\/\/farofadecolher.com.br\/loja\/"},{"@type":"ListItem","position":2,"name":"Pol\u00edtica de privacidade"}]},{"@type":"WebSite","@id":"https:\/\/farofadecolher.com.br\/loja\/#website","url":"https:\/\/farofadecolher.com.br\/loja\/","name":"Farofa de Colher","description":"Voc\u00ea vai querer comer de colher!","publisher":{"@id":"https:\/\/farofadecolher.com.br\/loja\/#organization"},"alternateName":"FarofaDeColher.com.br","potentialAction":[{"@type":"SearchAction","target":{"@type":"EntryPoint","urlTemplate":"https:\/\/farofadecolher.com.br\/loja\/?s={search_term_string}"},"query-input":{"@type":"PropertyValueSpecification","valueRequired":true,"valueName":"search_term_string"}}],"inLanguage":"pt-BR"},{"@type":"Organization","@id":"https:\/\/farofadecolher.com.br\/loja\/#organization","name":"Far\u00f3","alternateName":"FarofaDeColher.com.br","url":"https:\/\/farofadecolher.com.br\/loja\/","logo":{"@type":"ImageObject","inLanguage":"pt-BR","@id":"https:\/\/farofadecolher.com.br\/loja\/#\/schema\/logo\/image\/","url":"https:\/\/farofadecolher.com.br\/loja\/wp-content\/uploads\/2021\/11\/cropped-Logo-1.png","contentUrl":"https:\/\/farofadecolher.com.br\/loja\/wp-content\/uploads\/2021\/11\/cropped-Logo-1.png","width":822,"height":409,"caption":"Far\u00f3"},"image":{"@id":"https:\/\/farofadecolher.com.br\/loja\/#\/schema\/logo\/image\/"},"sameAs":["https:\/\/www.instagram.com\/brumatteoni\/"]}]}},"_links":{"self":[{"href":"https:\/\/farofadecolher.com.br\/loja\/wp-json\/wp\/v2\/pages\/3","targetHints":{"allow":["GET"]}}],"collection":[{"href":"https:\/\/farofadecolher.com.br\/loja\/wp-json\/wp\/v2\/pages"}],"about":[{"href":"https:\/\/farofadecolher.com.br\/loja\/wp-json\/wp\/v2\/types\/page"}],"author":[{"embeddable":true,"href":"https:\/\/farofadecolher.com.br\/loja\/wp-json\/wp\/v2\/users\/1"}],"replies":[{"embeddable":true,"href":"https:\/\/farofadecolher.com.br\/loja\/wp-json\/wp\/v2\/comments?post=3"}],"version-history":[{"count":0,"href":"https:\/\/farofadecolher.com.br\/loja\/wp-json\/wp\/v2\/pages\/3\/revisions"}],"wp:attachment":[{"href":"https:\/\/farofadecolher.com.br\/loja\/wp-json\/wp\/v2\/media?parent=3"}],"curies":[{"name":"wp","href":"https:\/\/api.w.org\/{rel}","templated":true}]}}