{"id":762,"date":"2021-11-30T17:46:07","date_gmt":"2021-11-30T19:46:07","guid":{"rendered":"https:\/\/farofadecolher.com.br\/loja\/?page_id=762"},"modified":"2022-02-15T18:56:25","modified_gmt":"2022-02-15T21:56:25","slug":"sobre-a-chef","status":"publish","type":"page","link":"https:\/\/farofadecolher.com.br\/loja\/sobre-a-chef\/","title":{"rendered":"Sobre a Chef"},"content":{"rendered":"<blockquote>\n<p style=\"text-align: right;\"><img decoding=\"async\" class=\"alignright wp-image-759 size-thumbnail\" src=\"https:\/\/farofadecolher.com.br\/loja\/wp-content\/uploads\/2021\/11\/Bru-150x150.jpg\" alt=\"\" width=\"150\" height=\"150\" srcset=\"https:\/\/farofadecolher.com.br\/loja\/wp-content\/uploads\/2021\/11\/Bru-150x150.jpg 150w, https:\/\/farofadecolher.com.br\/loja\/wp-content\/uploads\/2021\/11\/Bru-300x300.jpg 300w, https:\/\/farofadecolher.com.br\/loja\/wp-content\/uploads\/2021\/11\/Bru-100x100.jpg 100w\" sizes=\"(max-width: 150px) 100vw, 150px\" \/><span style=\"color: #d897aa;\">\u2665<\/span>\u00a0 Apaixonada por gastronomia desde crian\u00e7a, a Chef e Gastr\u00f4noma Bruna Matteoni iniciou sua carreira em 2007, na Caffetteria e Gelateria Al Solito Posto, em Salerno, It\u00e1lia. Em 2017 se formou em Gastronomia pela FMU S\u00e3o Paulo, e iniciou sua primeira empresa de Confeitaria, TEM DOCE NO POTE. Estagiou ao lado de grandes Chefs, prestou consultoria em Neg\u00f3cios A&amp;B.<\/p>\n<p style=\"text-align: right;\">Propriet\u00e1ria da Far\u00f3, atualmente vem expandindo seu neg\u00f3cio por todo o territ\u00f3rio Brasileiro e no Texas, Estados Unidos.<\/p>\n<\/blockquote>\n","protected":false},"excerpt":{"rendered":"<p>\u2665\u00a0 Apaixonada por gastronomia desde crian\u00e7a, a Chef e Gastr\u00f4noma Bruna Matteoni iniciou sua carreira em 2007, na Caffetteria e Gelateria Al Solito Posto, em Salerno, It\u00e1lia. Em 2017 se formou em Gastronomia pela FMU S\u00e3o Paulo, e iniciou sua primeira empresa de Confeitaria, TEM DOCE NO POTE. Estagiou ao lado de grandes Chefs, prestou [&hellip;]<\/p>\n","protected":false},"author":1,"featured_media":759,"parent":0,"menu_order":0,"comment_status":"closed","ping_status":"closed","template":"","meta":{"ocean_post_layout":"right-sidebar","ocean_both_sidebars_style":"","ocean_both_sidebars_content_width":0,"ocean_both_sidebars_sidebars_width":0,"ocean_sidebar":"0","ocean_second_sidebar":"0","ocean_disable_margins":"enable","ocean_add_body_class":"","ocean_shortcode_before_top_bar":"","ocean_shortcode_after_top_bar":"","ocean_shortcode_before_header":"","ocean_shortcode_after_header":"","ocean_has_shortcode":"","ocean_shortcode_after_title":"","ocean_shortcode_before_footer_widgets":"","ocean_shortcode_after_footer_widgets":"","ocean_shortcode_before_footer_bottom":"","ocean_shortcode_after_footer_bottom":"","ocean_display_top_bar":"default","ocean_display_header":"default","ocean_header_style":"","ocean_center_header_left_menu":"0","ocean_custom_header_template":"0","ocean_custom_logo":0,"ocean_custom_retina_logo":0,"ocean_custom_logo_max_width":0,"ocean_custom_logo_tablet_max_width":0,"ocean_custom_logo_mobile_max_width":0,"ocean_custom_logo_max_height":0,"ocean_custom_logo_tablet_max_height":0,"ocean_custom_logo_mobile_max_height":0,"ocean_header_custom_menu":"0","ocean_menu_typo_font_family":"0","ocean_menu_typo_font_subset":"","ocean_menu_typo_font_size":0,"ocean_menu_typo_font_size_tablet":0,"ocean_menu_typo_font_size_mobile":0,"ocean_menu_typo_font_size_unit":"px","ocean_menu_typo_font_weight":"","ocean_menu_typo_font_weight_tablet":"","ocean_menu_typo_font_weight_mobile":"","ocean_menu_typo_transform":"","ocean_menu_typo_transform_tablet":"","ocean_menu_typo_transform_mobile":"","ocean_menu_typo_line_height":0,"ocean_menu_typo_line_height_tablet":0,"ocean_menu_typo_line_height_mobile":0,"ocean_menu_typo_line_height_unit":"","ocean_menu_typo_spacing":0,"ocean_menu_typo_spacing_tablet":0,"ocean_menu_typo_spacing_mobile":0,"ocean_menu_typo_spacing_unit":"","ocean_menu_link_color":"","ocean_menu_link_color_hover":"","ocean_menu_link_color_active":"","ocean_menu_link_background":"","ocean_menu_link_hover_background":"","ocean_menu_link_active_background":"","ocean_menu_social_links_bg":"","ocean_menu_social_hover_links_bg":"","ocean_menu_social_links_color":"","ocean_menu_social_hover_links_color":"","ocean_disable_title":"default","ocean_disable_heading":"default","ocean_post_title":"","ocean_post_subheading":"","ocean_post_title_style":"","ocean_post_title_background_color":"","ocean_post_title_background":0,"ocean_post_title_bg_image_position":"","ocean_post_title_bg_image_attachment":"","ocean_post_title_bg_image_repeat":"","ocean_post_title_bg_image_size":"","ocean_post_title_height":0,"ocean_post_title_bg_overlay":0.5,"ocean_post_title_bg_overlay_color":"","ocean_disable_breadcrumbs":"default","ocean_breadcrumbs_color":"","ocean_breadcrumbs_separator_color":"","ocean_breadcrumbs_links_color":"","ocean_breadcrumbs_links_hover_color":"","ocean_display_footer_widgets":"default","ocean_display_footer_bottom":"default","ocean_custom_footer_template":"0","footnotes":""},"class_list":["post-762","page","type-page","status-publish","has-post-thumbnail","hentry","entry","has-media","owp-thumbs-layout-horizontal","owp-btn-big","owp-tabs-layout-horizontal","has-no-thumbnails","has-product-nav"],"yoast_head":"<!-- This site is optimized with the Yoast SEO plugin v27.4 - https:\/\/yoast.com\/product\/yoast-seo-wordpress\/ -->\n<title>Far\u00f3 a sua farofa de colher - Sobre a Chef<\/title>\n<meta name=\"description\" content=\"Sobre a Chef - Far\u00f3, voc\u00ea vai querer comer de colher!\" \/>\n<meta name=\"robots\" content=\"index, follow, max-snippet:-1, max-image-preview:large, max-video-preview:-1\" \/>\n<link rel=\"canonical\" href=\"https:\/\/farofadecolher.com.br\/loja\/sobre-a-chef\/\" \/>\n<meta property=\"og:locale\" content=\"pt_BR\" \/>\n<meta property=\"og:type\" content=\"article\" \/>\n<meta property=\"og:title\" content=\"Far\u00f3 a sua farofa de colher - Sobre a Chef\" \/>\n<meta property=\"og:description\" content=\"Sobre a Chef - Far\u00f3, voc\u00ea vai querer comer de colher!\" \/>\n<meta property=\"og:url\" content=\"https:\/\/farofadecolher.com.br\/loja\/sobre-a-chef\/\" \/>\n<meta property=\"og:site_name\" content=\"Farofa de Colher\" \/>\n<meta property=\"article:modified_time\" content=\"2022-02-15T21:56:25+00:00\" \/>\n<meta property=\"og:image\" content=\"https:\/\/farofadecolher.com.br\/loja\/wp-content\/uploads\/2021\/11\/Bru.jpg\" \/>\n\t<meta property=\"og:image:width\" content=\"709\" \/>\n\t<meta property=\"og:image:height\" content=\"878\" \/>\n\t<meta property=\"og:image:type\" content=\"image\/jpeg\" \/>\n<meta name=\"twitter:card\" content=\"summary_large_image\" \/>\n<meta name=\"twitter:label1\" content=\"Est. tempo de leitura\" \/>\n\t<meta name=\"twitter:data1\" content=\"1 minuto\" \/>\n<script type=\"application\/ld+json\" class=\"yoast-schema-graph\">{\"@context\":\"https:\\\/\\\/schema.org\",\"@graph\":[{\"@type\":\"WebPage\",\"@id\":\"https:\\\/\\\/farofadecolher.com.br\\\/loja\\\/sobre-a-chef\\\/\",\"url\":\"https:\\\/\\\/farofadecolher.com.br\\\/loja\\\/sobre-a-chef\\\/\",\"name\":\"Far\u00f3 a sua farofa de colher - Sobre a Chef\",\"isPartOf\":{\"@id\":\"https:\\\/\\\/farofadecolher.com.br\\\/loja\\\/#website\"},\"primaryImageOfPage\":{\"@id\":\"https:\\\/\\\/farofadecolher.com.br\\\/loja\\\/sobre-a-chef\\\/#primaryimage\"},\"image\":{\"@id\":\"https:\\\/\\\/farofadecolher.com.br\\\/loja\\\/sobre-a-chef\\\/#primaryimage\"},\"thumbnailUrl\":\"https:\\\/\\\/farofadecolher.com.br\\\/loja\\\/wp-content\\\/uploads\\\/2021\\\/11\\\/Bru.jpg\",\"datePublished\":\"2021-11-30T19:46:07+00:00\",\"dateModified\":\"2022-02-15T21:56:25+00:00\",\"description\":\"Sobre a Chef - Far\u00f3, voc\u00ea vai querer comer de colher!\",\"breadcrumb\":{\"@id\":\"https:\\\/\\\/farofadecolher.com.br\\\/loja\\\/sobre-a-chef\\\/#breadcrumb\"},\"inLanguage\":\"pt-BR\",\"potentialAction\":[{\"@type\":\"ReadAction\",\"target\":[\"https:\\\/\\\/farofadecolher.com.br\\\/loja\\\/sobre-a-chef\\\/\"]}]},{\"@type\":\"ImageObject\",\"inLanguage\":\"pt-BR\",\"@id\":\"https:\\\/\\\/farofadecolher.com.br\\\/loja\\\/sobre-a-chef\\\/#primaryimage\",\"url\":\"https:\\\/\\\/farofadecolher.com.br\\\/loja\\\/wp-content\\\/uploads\\\/2021\\\/11\\\/Bru.jpg\",\"contentUrl\":\"https:\\\/\\\/farofadecolher.com.br\\\/loja\\\/wp-content\\\/uploads\\\/2021\\\/11\\\/Bru.jpg\",\"width\":709,\"height\":878},{\"@type\":\"BreadcrumbList\",\"@id\":\"https:\\\/\\\/farofadecolher.com.br\\\/loja\\\/sobre-a-chef\\\/#breadcrumb\",\"itemListElement\":[{\"@type\":\"ListItem\",\"position\":1,\"name\":\"In\u00edcio\",\"item\":\"https:\\\/\\\/farofadecolher.com.br\\\/loja\\\/\"},{\"@type\":\"ListItem\",\"position\":2,\"name\":\"Sobre a Chef\"}]},{\"@type\":\"WebSite\",\"@id\":\"https:\\\/\\\/farofadecolher.com.br\\\/loja\\\/#website\",\"url\":\"https:\\\/\\\/farofadecolher.com.br\\\/loja\\\/\",\"name\":\"Farofa de Colher\",\"description\":\"Voc\u00ea vai querer comer de colher!\",\"publisher\":{\"@id\":\"https:\\\/\\\/farofadecolher.com.br\\\/loja\\\/#organization\"},\"alternateName\":\"FarofaDeColher.com.br\",\"potentialAction\":[{\"@type\":\"SearchAction\",\"target\":{\"@type\":\"EntryPoint\",\"urlTemplate\":\"https:\\\/\\\/farofadecolher.com.br\\\/loja\\\/?s={search_term_string}\"},\"query-input\":{\"@type\":\"PropertyValueSpecification\",\"valueRequired\":true,\"valueName\":\"search_term_string\"}}],\"inLanguage\":\"pt-BR\"},{\"@type\":\"Organization\",\"@id\":\"https:\\\/\\\/farofadecolher.com.br\\\/loja\\\/#organization\",\"name\":\"Far\u00f3\",\"alternateName\":\"FarofaDeColher.com.br\",\"url\":\"https:\\\/\\\/farofadecolher.com.br\\\/loja\\\/\",\"logo\":{\"@type\":\"ImageObject\",\"inLanguage\":\"pt-BR\",\"@id\":\"https:\\\/\\\/farofadecolher.com.br\\\/loja\\\/#\\\/schema\\\/logo\\\/image\\\/\",\"url\":\"https:\\\/\\\/farofadecolher.com.br\\\/loja\\\/wp-content\\\/uploads\\\/2021\\\/11\\\/cropped-Logo-1.png\",\"contentUrl\":\"https:\\\/\\\/farofadecolher.com.br\\\/loja\\\/wp-content\\\/uploads\\\/2021\\\/11\\\/cropped-Logo-1.png\",\"width\":822,\"height\":409,\"caption\":\"Far\u00f3\"},\"image\":{\"@id\":\"https:\\\/\\\/farofadecolher.com.br\\\/loja\\\/#\\\/schema\\\/logo\\\/image\\\/\"},\"sameAs\":[\"https:\\\/\\\/www.instagram.com\\\/brumatteoni\\\/\"]}]}<\/script>\n<!-- \/ Yoast SEO plugin. -->","yoast_head_json":{"title":"Far\u00f3 a sua farofa de colher - Sobre a Chef","description":"Sobre a Chef - Far\u00f3, voc\u00ea vai querer comer de colher!","robots":{"index":"index","follow":"follow","max-snippet":"max-snippet:-1","max-image-preview":"max-image-preview:large","max-video-preview":"max-video-preview:-1"},"canonical":"https:\/\/farofadecolher.com.br\/loja\/sobre-a-chef\/","og_locale":"pt_BR","og_type":"article","og_title":"Far\u00f3 a sua farofa de colher - Sobre a Chef","og_description":"Sobre a Chef - Far\u00f3, voc\u00ea vai querer comer de colher!","og_url":"https:\/\/farofadecolher.com.br\/loja\/sobre-a-chef\/","og_site_name":"Farofa de Colher","article_modified_time":"2022-02-15T21:56:25+00:00","og_image":[{"width":709,"height":878,"url":"https:\/\/farofadecolher.com.br\/loja\/wp-content\/uploads\/2021\/11\/Bru.jpg","type":"image\/jpeg"}],"twitter_card":"summary_large_image","twitter_misc":{"Est. tempo de leitura":"1 minuto"},"schema":{"@context":"https:\/\/schema.org","@graph":[{"@type":"WebPage","@id":"https:\/\/farofadecolher.com.br\/loja\/sobre-a-chef\/","url":"https:\/\/farofadecolher.com.br\/loja\/sobre-a-chef\/","name":"Far\u00f3 a sua farofa de colher - Sobre a Chef","isPartOf":{"@id":"https:\/\/farofadecolher.com.br\/loja\/#website"},"primaryImageOfPage":{"@id":"https:\/\/farofadecolher.com.br\/loja\/sobre-a-chef\/#primaryimage"},"image":{"@id":"https:\/\/farofadecolher.com.br\/loja\/sobre-a-chef\/#primaryimage"},"thumbnailUrl":"https:\/\/farofadecolher.com.br\/loja\/wp-content\/uploads\/2021\/11\/Bru.jpg","datePublished":"2021-11-30T19:46:07+00:00","dateModified":"2022-02-15T21:56:25+00:00","description":"Sobre a Chef - Far\u00f3, voc\u00ea vai querer comer de colher!","breadcrumb":{"@id":"https:\/\/farofadecolher.com.br\/loja\/sobre-a-chef\/#breadcrumb"},"inLanguage":"pt-BR","potentialAction":[{"@type":"ReadAction","target":["https:\/\/farofadecolher.com.br\/loja\/sobre-a-chef\/"]}]},{"@type":"ImageObject","inLanguage":"pt-BR","@id":"https:\/\/farofadecolher.com.br\/loja\/sobre-a-chef\/#primaryimage","url":"https:\/\/farofadecolher.com.br\/loja\/wp-content\/uploads\/2021\/11\/Bru.jpg","contentUrl":"https:\/\/farofadecolher.com.br\/loja\/wp-content\/uploads\/2021\/11\/Bru.jpg","width":709,"height":878},{"@type":"BreadcrumbList","@id":"https:\/\/farofadecolher.com.br\/loja\/sobre-a-chef\/#breadcrumb","itemListElement":[{"@type":"ListItem","position":1,"name":"In\u00edcio","item":"https:\/\/farofadecolher.com.br\/loja\/"},{"@type":"ListItem","position":2,"name":"Sobre a Chef"}]},{"@type":"WebSite","@id":"https:\/\/farofadecolher.com.br\/loja\/#website","url":"https:\/\/farofadecolher.com.br\/loja\/","name":"Farofa de Colher","description":"Voc\u00ea vai querer comer de colher!","publisher":{"@id":"https:\/\/farofadecolher.com.br\/loja\/#organization"},"alternateName":"FarofaDeColher.com.br","potentialAction":[{"@type":"SearchAction","target":{"@type":"EntryPoint","urlTemplate":"https:\/\/farofadecolher.com.br\/loja\/?s={search_term_string}"},"query-input":{"@type":"PropertyValueSpecification","valueRequired":true,"valueName":"search_term_string"}}],"inLanguage":"pt-BR"},{"@type":"Organization","@id":"https:\/\/farofadecolher.com.br\/loja\/#organization","name":"Far\u00f3","alternateName":"FarofaDeColher.com.br","url":"https:\/\/farofadecolher.com.br\/loja\/","logo":{"@type":"ImageObject","inLanguage":"pt-BR","@id":"https:\/\/farofadecolher.com.br\/loja\/#\/schema\/logo\/image\/","url":"https:\/\/farofadecolher.com.br\/loja\/wp-content\/uploads\/2021\/11\/cropped-Logo-1.png","contentUrl":"https:\/\/farofadecolher.com.br\/loja\/wp-content\/uploads\/2021\/11\/cropped-Logo-1.png","width":822,"height":409,"caption":"Far\u00f3"},"image":{"@id":"https:\/\/farofadecolher.com.br\/loja\/#\/schema\/logo\/image\/"},"sameAs":["https:\/\/www.instagram.com\/brumatteoni\/"]}]}},"_links":{"self":[{"href":"https:\/\/farofadecolher.com.br\/loja\/wp-json\/wp\/v2\/pages\/762","targetHints":{"allow":["GET"]}}],"collection":[{"href":"https:\/\/farofadecolher.com.br\/loja\/wp-json\/wp\/v2\/pages"}],"about":[{"href":"https:\/\/farofadecolher.com.br\/loja\/wp-json\/wp\/v2\/types\/page"}],"author":[{"embeddable":true,"href":"https:\/\/farofadecolher.com.br\/loja\/wp-json\/wp\/v2\/users\/1"}],"replies":[{"embeddable":true,"href":"https:\/\/farofadecolher.com.br\/loja\/wp-json\/wp\/v2\/comments?post=762"}],"version-history":[{"count":0,"href":"https:\/\/farofadecolher.com.br\/loja\/wp-json\/wp\/v2\/pages\/762\/revisions"}],"wp:featuredmedia":[{"embeddable":true,"href":"https:\/\/farofadecolher.com.br\/loja\/wp-json\/wp\/v2\/media\/759"}],"wp:attachment":[{"href":"https:\/\/farofadecolher.com.br\/loja\/wp-json\/wp\/v2\/media?parent=762"}],"curies":[{"name":"wp","href":"https:\/\/api.w.org\/{rel}","templated":true}]}}