{"id":1286,"date":"2023-05-19T15:09:12","date_gmt":"2023-05-19T18:09:12","guid":{"rendered":"https:\/\/farofadecolher.com.br\/loja\/?post_type=product&#038;p=1286"},"modified":"2026-04-22T16:17:12","modified_gmt":"2026-04-22T19:17:12","slug":"3-x-pacotes-faro-250g","status":"publish","type":"product","link":"https:\/\/farofadecolher.com.br\/loja\/produto\/3-x-pacotes-faro-250g\/","title":{"rendered":"3 x Pacotes Far\u00f3 250g"},"content":{"rendered":"<p>Nova embalagem gold 250 gramas<strong> j\u00e1 vem com colher<\/strong> de madeira sustent\u00e1vel!<\/p>\n<p>Nossa farofa foi elaborada com todos os cuidados e aten\u00e7\u00e3o, os ingredientes foram escolhidos e selecionados pela Chef Bruna, passando por processos de qualidade e seguran\u00e7a, desde a higieniza\u00e7\u00e3o dos utens\u00edlios, potes e verduras frescas, para um resultado final de qualidade e excel\u00eancia, sendo assim, a melhor farofa que voc\u00ea vai experimentar.<\/p>\n<p><strong>INGREDIENTES:<\/strong><\/p>\n<p>Farinha de mandioca, cebola, \u00f3leo de soja, prote\u00edna de soja, salsa, pimenta do reino, legumes desidratados, sal do Himalaia.<\/p>\n<p><img fetchpriority=\"high\" decoding=\"async\" class=\"alignnone size-full wp-image-975 aligncenter\" src=\"https:\/\/farofadecolher.com.br\/loja\/wp-content\/uploads\/2022\/01\/tabela-nutricional-faro.jpg\" alt=\"\" width=\"400\" height=\"300\" \/><\/p>\n","protected":false},"excerpt":{"rendered":"<p><strong>Os pacotes tem tamanho ideal para levar na bolsa, no trabalho e serve at\u00e9\u00a0 7,5 por\u00e7\u00f5es.<\/strong><\/p>\n<p>Nova embalagem gold 250 gramas<strong> j\u00e1 vem com colher<\/strong> de madeira sustent\u00e1vel!<\/p>\n<p>Nossa farofa foi elaborada com todos os cuidados e aten\u00e7\u00e3o, os ingredientes foram escolhidos e selecionados pela Chef Bruna, passando por processos de qualidade e seguran\u00e7a, desde a higieniza\u00e7\u00e3o dos utens\u00edlios, potes e verduras frescas, para um resultado final de qualidade e excel\u00eancia, sendo assim, a melhor farofa que voc\u00ea vai experimentar.<\/p>\n<ul style=\"font-size: 14px; margin: 20px 0 0; list-style: none;\">\n<li style=\"margin-bottom: 8px;\"><i class=\"icon-check\" style=\"color: #aaaaaa; margin-right: 10px;\"><\/i>Crocante<\/li>\n<li style=\"margin-bottom: 8px;\"><i class=\"icon-check\" style=\"color: #aaaaaa; margin-right: 10px;\"><\/i>Leve<\/li>\n<li style=\"margin-bottom: 8px;\"><i class=\"icon-check\" style=\"color: #aaaaaa; margin-right: 10px;\"><\/i>Sabor incompar\u00e1vel<\/li>\n<li style=\"margin-bottom: 8px;\"><i class=\"icon-check\" style=\"color: #aaaaaa; margin-right: 10px;\"><\/i>R\u00e1pida e pr\u00e1tica<\/li>\n<li style=\"margin-bottom: 8px;\"><i class=\"icon-check\" style=\"color: #aaaaaa; margin-right: 10px;\"><\/i>Nutritiva<\/li>\n<li style=\"margin-bottom: 8px;\"><i class=\"icon-check\" style=\"color: #aaaaaa; margin-right: 10px;\"><\/i>Saud\u00e1vel<\/li>\n<li style=\"margin-bottom: 8px;\"><i class=\"icon-check\" style=\"color: #aaaaaa; margin-right: 10px;\"><\/i>In\u00fameras combina\u00e7\u00f5es<\/li>\n<li style=\"margin-bottom: 8px;\"><i class=\"icon-check\" style=\"color: #aaaaaa; margin-right: 10px;\"><\/i>D\u00e1 para comer de colher<\/li>\n<li style=\"margin-bottom: 8px;\"><i class=\"icon-check\" style=\"color: #aaaaaa; margin-right: 10px;\"><\/i>Vegetariana<\/li>\n<li style=\"margin-bottom: 8px;\"><i class=\"icon-check\" style=\"color: #aaaaaa; margin-right: 10px;\"><\/i>Produtos frescos<\/li>\n<li style=\"margin-bottom: 8px;\"><i class=\"icon-check\" style=\"color: #aaaaaa; margin-right: 10px;\"><\/i>Sem conservantes<\/li>\n<li style=\"margin-bottom: 8px;\"><i class=\"icon-check\" style=\"color: #aaaaaa; margin-right: 10px;\"><\/i>Seu churrasco mais gostoso<\/li>\n<li style=\"margin-bottom: 8px;\"><i class=\"icon-check\" style=\"color: #aaaaaa; margin-right: 10px;\"><\/i>Adultos e crian\u00e7as adoram<\/li>\n<\/ul>\n","protected":false},"featured_media":1628,"comment_status":"open","ping_status":"closed","template":"","meta":{"ocean_post_layout":"","ocean_both_sidebars_style":"","ocean_both_sidebars_content_width":0,"ocean_both_sidebars_sidebars_width":0,"ocean_sidebar":"0","ocean_second_sidebar":"0","ocean_disable_margins":"enable","ocean_add_body_class":"","ocean_shortcode_before_top_bar":"","ocean_shortcode_after_top_bar":"","ocean_shortcode_before_header":"","ocean_shortcode_after_header":"","ocean_has_shortcode":"","ocean_shortcode_after_title":"","ocean_shortcode_before_footer_widgets":"","ocean_shortcode_after_footer_widgets":"","ocean_shortcode_before_footer_bottom":"","ocean_shortcode_after_footer_bottom":"","ocean_display_top_bar":"default","ocean_display_header":"default","ocean_header_style":"","ocean_center_header_left_menu":"0","ocean_custom_header_template":"0","ocean_custom_logo":0,"ocean_custom_retina_logo":0,"ocean_custom_logo_max_width":0,"ocean_custom_logo_tablet_max_width":0,"ocean_custom_logo_mobile_max_width":0,"ocean_custom_logo_max_height":0,"ocean_custom_logo_tablet_max_height":0,"ocean_custom_logo_mobile_max_height":0,"ocean_header_custom_menu":"0","ocean_menu_typo_font_family":"0","ocean_menu_typo_font_subset":"","ocean_menu_typo_font_size":0,"ocean_menu_typo_font_size_tablet":0,"ocean_menu_typo_font_size_mobile":0,"ocean_menu_typo_font_size_unit":"px","ocean_menu_typo_font_weight":"","ocean_menu_typo_font_weight_tablet":"","ocean_menu_typo_font_weight_mobile":"","ocean_menu_typo_transform":"","ocean_menu_typo_transform_tablet":"","ocean_menu_typo_transform_mobile":"","ocean_menu_typo_line_height":0,"ocean_menu_typo_line_height_tablet":0,"ocean_menu_typo_line_height_mobile":0,"ocean_menu_typo_line_height_unit":"","ocean_menu_typo_spacing":0,"ocean_menu_typo_spacing_tablet":0,"ocean_menu_typo_spacing_mobile":0,"ocean_menu_typo_spacing_unit":"","ocean_menu_link_color":"","ocean_menu_link_color_hover":"","ocean_menu_link_color_active":"","ocean_menu_link_background":"","ocean_menu_link_hover_background":"","ocean_menu_link_active_background":"","ocean_menu_social_links_bg":"","ocean_menu_social_hover_links_bg":"","ocean_menu_social_links_color":"","ocean_menu_social_hover_links_color":"","ocean_disable_title":"default","ocean_disable_heading":"default","ocean_post_title":"","ocean_post_subheading":"","ocean_post_title_style":"","ocean_post_title_background_color":"","ocean_post_title_background":0,"ocean_post_title_bg_image_position":"","ocean_post_title_bg_image_attachment":"","ocean_post_title_bg_image_repeat":"","ocean_post_title_bg_image_size":"","ocean_post_title_height":0,"ocean_post_title_bg_overlay":0.5,"ocean_post_title_bg_overlay_color":"","ocean_disable_breadcrumbs":"default","ocean_breadcrumbs_color":"","ocean_breadcrumbs_separator_color":"","ocean_breadcrumbs_links_color":"","ocean_breadcrumbs_links_hover_color":"","ocean_display_footer_widgets":"default","ocean_display_footer_bottom":"default","ocean_custom_footer_template":"0"},"product_brand":[],"product_cat":[73],"product_tag":[93,87,92,75,76,88,89,77,90,91],"class_list":{"0":"post-1286","1":"product","2":"type-product","3":"status-publish","4":"has-post-thumbnail","6":"product_cat-farofas","7":"product_tag-acompanhamento","8":"product_tag-comida","9":"product_tag-deliciosa","10":"product_tag-faro","11":"product_tag-farofa","12":"product_tag-feijoada","13":"product_tag-ingredientes-selecionados","14":"product_tag-pacotes","15":"product_tag-vegana","16":"product_tag-vegano","18":"entry","19":"has-media","21":"first","22":"instock","23":"sale","24":"purchasable","25":"product-type-simple","26":"has-product-nav","27":"col","28":"span_1_of_3","29":"owp-content-center","30":"owp-thumbs-layout-horizontal","31":"owp-btn-big","32":"owp-tabs-layout-horizontal","33":"has-no-thumbnails"},"yoast_head":"<!-- This site is optimized with the Yoast SEO plugin v27.4 - https:\/\/yoast.com\/product\/yoast-seo-wordpress\/ -->\n<title>Far\u00f3 a sua farofa de colher - 3 x Pacotes Far\u00f3 200g<\/title>\n<meta name=\"description\" content=\"Nossa farofa \u00e9 elaborada com todos os cuidados e aten\u00e7\u00e3o com ingredientes escolhidos e selecionados pela Chef Bruna Mattenoni.\" \/>\n<meta name=\"robots\" content=\"index, follow, max-snippet:-1, max-image-preview:large, max-video-preview:-1\" \/>\n<link rel=\"canonical\" href=\"https:\/\/farofadecolher.com.br\/loja\/produto\/3-x-pacotes-faro-250g\/\" \/>\n<meta property=\"og:locale\" content=\"pt_BR\" \/>\n<meta property=\"og:type\" content=\"article\" \/>\n<meta property=\"og:title\" content=\"3 x Pacotes Far\u00f3 200g\" \/>\n<meta property=\"og:description\" content=\"Nossa farofa foi elaborada com todos os cuidados e aten\u00e7\u00e3o, os ingredientes foram escolhidos e selecionados pela Chef Bruna, passando por processos de qualidade e seguran\u00e7a, desde a higieniza\u00e7\u00e3o dos utens\u00edlios, potes e verduras frescas, para um resultado final de qualidade e excel\u00eancia, sendo assim, a melhor farofa que voc\u00ea vai experimentar.\" \/>\n<meta property=\"og:url\" content=\"https:\/\/farofadecolher.com.br\/loja\/produto\/3-x-pacotes-faro-250g\/\" \/>\n<meta property=\"og:site_name\" content=\"Farofa de Colher\" \/>\n<meta property=\"article:modified_time\" content=\"2026-04-22T19:17:12+00:00\" \/>\n<meta property=\"og:image\" content=\"https:\/\/farofadecolher.com.br\/loja\/wp-content\/uploads\/2022\/01\/pacote-de-3-de-200g.jpg\" \/>\n\t<meta property=\"og:image:width\" content=\"800\" \/>\n\t<meta property=\"og:image:height\" content=\"1067\" \/>\n\t<meta property=\"og:image:type\" content=\"image\/jpeg\" \/>\n<meta name=\"twitter:card\" content=\"summary_large_image\" \/>\n<meta name=\"twitter:title\" content=\"3 x Pacotes Far\u00f3 200g\" \/>\n<meta name=\"twitter:description\" content=\"Nossa farofa foi elaborada com todos os cuidados e aten\u00e7\u00e3o, os ingredientes foram escolhidos e selecionados pela Chef Bruna, passando por processos de qualidade e seguran\u00e7a, desde a higieniza\u00e7\u00e3o dos utens\u00edlios, potes e verduras frescas, para um resultado final de qualidade e excel\u00eancia, sendo assim, a melhor farofa que voc\u00ea vai experimentar.\" \/>\n<meta name=\"twitter:image\" content=\"https:\/\/farofadecolher.com.br\/loja\/wp-content\/uploads\/2022\/01\/pacote-de-3-de-200g.jpg\" \/>\n<meta name=\"twitter:label1\" content=\"Est. tempo de leitura\" \/>\n\t<meta name=\"twitter:data1\" content=\"1 minuto\" \/>\n<script type=\"application\/ld+json\" class=\"yoast-schema-graph\">{\"@context\":\"https:\\\/\\\/schema.org\",\"@graph\":[{\"@type\":\"WebPage\",\"@id\":\"https:\\\/\\\/farofadecolher.com.br\\\/loja\\\/produto\\\/3-x-pacotes-faro-250g\\\/\",\"url\":\"https:\\\/\\\/farofadecolher.com.br\\\/loja\\\/produto\\\/3-x-pacotes-faro-250g\\\/\",\"name\":\"Far\u00f3 a sua farofa de colher - 3 x Pacotes Far\u00f3 200g\",\"isPartOf\":{\"@id\":\"https:\\\/\\\/farofadecolher.com.br\\\/loja\\\/#website\"},\"primaryImageOfPage\":{\"@id\":\"https:\\\/\\\/farofadecolher.com.br\\\/loja\\\/produto\\\/3-x-pacotes-faro-250g\\\/#primaryimage\"},\"image\":{\"@id\":\"https:\\\/\\\/farofadecolher.com.br\\\/loja\\\/produto\\\/3-x-pacotes-faro-250g\\\/#primaryimage\"},\"thumbnailUrl\":\"https:\\\/\\\/farofadecolher.com.br\\\/loja\\\/wp-content\\\/uploads\\\/2024\\\/10\\\/Pouch-3-250g-2024.png\",\"datePublished\":\"2023-05-19T18:09:12+00:00\",\"dateModified\":\"2026-04-22T19:17:12+00:00\",\"description\":\"Nossa farofa \u00e9 elaborada com todos os cuidados e aten\u00e7\u00e3o com ingredientes escolhidos e selecionados pela Chef Bruna Mattenoni.\",\"breadcrumb\":{\"@id\":\"https:\\\/\\\/farofadecolher.com.br\\\/loja\\\/produto\\\/3-x-pacotes-faro-250g\\\/#breadcrumb\"},\"inLanguage\":\"pt-BR\",\"potentialAction\":[{\"@type\":\"ReadAction\",\"target\":[\"https:\\\/\\\/farofadecolher.com.br\\\/loja\\\/produto\\\/3-x-pacotes-faro-250g\\\/\"]}]},{\"@type\":\"ImageObject\",\"inLanguage\":\"pt-BR\",\"@id\":\"https:\\\/\\\/farofadecolher.com.br\\\/loja\\\/produto\\\/3-x-pacotes-faro-250g\\\/#primaryimage\",\"url\":\"https:\\\/\\\/farofadecolher.com.br\\\/loja\\\/wp-content\\\/uploads\\\/2024\\\/10\\\/Pouch-3-250g-2024.png\",\"contentUrl\":\"https:\\\/\\\/farofadecolher.com.br\\\/loja\\\/wp-content\\\/uploads\\\/2024\\\/10\\\/Pouch-3-250g-2024.png\",\"width\":733,\"height\":775},{\"@type\":\"BreadcrumbList\",\"@id\":\"https:\\\/\\\/farofadecolher.com.br\\\/loja\\\/produto\\\/3-x-pacotes-faro-250g\\\/#breadcrumb\",\"itemListElement\":[{\"@type\":\"ListItem\",\"position\":1,\"name\":\"In\u00edcio\",\"item\":\"https:\\\/\\\/farofadecolher.com.br\\\/loja\\\/\"},{\"@type\":\"ListItem\",\"position\":2,\"name\":\"Loja\",\"item\":\"https:\\\/\\\/farofadecolher.com.br\\\/loja\\\/produtos\\\/\"},{\"@type\":\"ListItem\",\"position\":3,\"name\":\"3 x Pacotes Far\u00f3 250g\"}]},{\"@type\":\"WebSite\",\"@id\":\"https:\\\/\\\/farofadecolher.com.br\\\/loja\\\/#website\",\"url\":\"https:\\\/\\\/farofadecolher.com.br\\\/loja\\\/\",\"name\":\"Farofa de Colher\",\"description\":\"Voc\u00ea vai querer comer de colher!\",\"publisher\":{\"@id\":\"https:\\\/\\\/farofadecolher.com.br\\\/loja\\\/#organization\"},\"alternateName\":\"FarofaDeColher.com.br\",\"potentialAction\":[{\"@type\":\"SearchAction\",\"target\":{\"@type\":\"EntryPoint\",\"urlTemplate\":\"https:\\\/\\\/farofadecolher.com.br\\\/loja\\\/?s={search_term_string}\"},\"query-input\":{\"@type\":\"PropertyValueSpecification\",\"valueRequired\":true,\"valueName\":\"search_term_string\"}}],\"inLanguage\":\"pt-BR\"},{\"@type\":\"Organization\",\"@id\":\"https:\\\/\\\/farofadecolher.com.br\\\/loja\\\/#organization\",\"name\":\"Far\u00f3\",\"alternateName\":\"FarofaDeColher.com.br\",\"url\":\"https:\\\/\\\/farofadecolher.com.br\\\/loja\\\/\",\"logo\":{\"@type\":\"ImageObject\",\"inLanguage\":\"pt-BR\",\"@id\":\"https:\\\/\\\/farofadecolher.com.br\\\/loja\\\/#\\\/schema\\\/logo\\\/image\\\/\",\"url\":\"https:\\\/\\\/farofadecolher.com.br\\\/loja\\\/wp-content\\\/uploads\\\/2021\\\/11\\\/cropped-Logo-1.png\",\"contentUrl\":\"https:\\\/\\\/farofadecolher.com.br\\\/loja\\\/wp-content\\\/uploads\\\/2021\\\/11\\\/cropped-Logo-1.png\",\"width\":822,\"height\":409,\"caption\":\"Far\u00f3\"},\"image\":{\"@id\":\"https:\\\/\\\/farofadecolher.com.br\\\/loja\\\/#\\\/schema\\\/logo\\\/image\\\/\"},\"sameAs\":[\"https:\\\/\\\/www.instagram.com\\\/brumatteoni\\\/\"]}]}<\/script>\n<!-- \/ Yoast SEO plugin. -->","yoast_head_json":{"title":"Far\u00f3 a sua farofa de colher - 3 x Pacotes Far\u00f3 200g","description":"Nossa farofa \u00e9 elaborada com todos os cuidados e aten\u00e7\u00e3o com ingredientes escolhidos e selecionados pela Chef Bruna Mattenoni.","robots":{"index":"index","follow":"follow","max-snippet":"max-snippet:-1","max-image-preview":"max-image-preview:large","max-video-preview":"max-video-preview:-1"},"canonical":"https:\/\/farofadecolher.com.br\/loja\/produto\/3-x-pacotes-faro-250g\/","og_locale":"pt_BR","og_type":"article","og_title":"3 x Pacotes Far\u00f3 200g","og_description":"Nossa farofa foi elaborada com todos os cuidados e aten\u00e7\u00e3o, os ingredientes foram escolhidos e selecionados pela Chef Bruna, passando por processos de qualidade e seguran\u00e7a, desde a higieniza\u00e7\u00e3o dos utens\u00edlios, potes e verduras frescas, para um resultado final de qualidade e excel\u00eancia, sendo assim, a melhor farofa que voc\u00ea vai experimentar.","og_url":"https:\/\/farofadecolher.com.br\/loja\/produto\/3-x-pacotes-faro-250g\/","og_site_name":"Farofa de Colher","article_modified_time":"2026-04-22T19:17:12+00:00","og_image":[{"width":800,"height":1067,"url":"https:\/\/farofadecolher.com.br\/loja\/wp-content\/uploads\/2022\/01\/pacote-de-3-de-200g.jpg","type":"image\/jpeg"}],"twitter_card":"summary_large_image","twitter_title":"3 x Pacotes Far\u00f3 200g","twitter_description":"Nossa farofa foi elaborada com todos os cuidados e aten\u00e7\u00e3o, os ingredientes foram escolhidos e selecionados pela Chef Bruna, passando por processos de qualidade e seguran\u00e7a, desde a higieniza\u00e7\u00e3o dos utens\u00edlios, potes e verduras frescas, para um resultado final de qualidade e excel\u00eancia, sendo assim, a melhor farofa que voc\u00ea vai experimentar.","twitter_image":"https:\/\/farofadecolher.com.br\/loja\/wp-content\/uploads\/2022\/01\/pacote-de-3-de-200g.jpg","twitter_misc":{"Est. tempo de leitura":"1 minuto"},"schema":{"@context":"https:\/\/schema.org","@graph":[{"@type":"WebPage","@id":"https:\/\/farofadecolher.com.br\/loja\/produto\/3-x-pacotes-faro-250g\/","url":"https:\/\/farofadecolher.com.br\/loja\/produto\/3-x-pacotes-faro-250g\/","name":"Far\u00f3 a sua farofa de colher - 3 x Pacotes Far\u00f3 200g","isPartOf":{"@id":"https:\/\/farofadecolher.com.br\/loja\/#website"},"primaryImageOfPage":{"@id":"https:\/\/farofadecolher.com.br\/loja\/produto\/3-x-pacotes-faro-250g\/#primaryimage"},"image":{"@id":"https:\/\/farofadecolher.com.br\/loja\/produto\/3-x-pacotes-faro-250g\/#primaryimage"},"thumbnailUrl":"https:\/\/farofadecolher.com.br\/loja\/wp-content\/uploads\/2024\/10\/Pouch-3-250g-2024.png","datePublished":"2023-05-19T18:09:12+00:00","dateModified":"2026-04-22T19:17:12+00:00","description":"Nossa farofa \u00e9 elaborada com todos os cuidados e aten\u00e7\u00e3o com ingredientes escolhidos e selecionados pela Chef Bruna Mattenoni.","breadcrumb":{"@id":"https:\/\/farofadecolher.com.br\/loja\/produto\/3-x-pacotes-faro-250g\/#breadcrumb"},"inLanguage":"pt-BR","potentialAction":[{"@type":"ReadAction","target":["https:\/\/farofadecolher.com.br\/loja\/produto\/3-x-pacotes-faro-250g\/"]}]},{"@type":"ImageObject","inLanguage":"pt-BR","@id":"https:\/\/farofadecolher.com.br\/loja\/produto\/3-x-pacotes-faro-250g\/#primaryimage","url":"https:\/\/farofadecolher.com.br\/loja\/wp-content\/uploads\/2024\/10\/Pouch-3-250g-2024.png","contentUrl":"https:\/\/farofadecolher.com.br\/loja\/wp-content\/uploads\/2024\/10\/Pouch-3-250g-2024.png","width":733,"height":775},{"@type":"BreadcrumbList","@id":"https:\/\/farofadecolher.com.br\/loja\/produto\/3-x-pacotes-faro-250g\/#breadcrumb","itemListElement":[{"@type":"ListItem","position":1,"name":"In\u00edcio","item":"https:\/\/farofadecolher.com.br\/loja\/"},{"@type":"ListItem","position":2,"name":"Loja","item":"https:\/\/farofadecolher.com.br\/loja\/produtos\/"},{"@type":"ListItem","position":3,"name":"3 x Pacotes Far\u00f3 250g"}]},{"@type":"WebSite","@id":"https:\/\/farofadecolher.com.br\/loja\/#website","url":"https:\/\/farofadecolher.com.br\/loja\/","name":"Farofa de Colher","description":"Voc\u00ea vai querer comer de colher!","publisher":{"@id":"https:\/\/farofadecolher.com.br\/loja\/#organization"},"alternateName":"FarofaDeColher.com.br","potentialAction":[{"@type":"SearchAction","target":{"@type":"EntryPoint","urlTemplate":"https:\/\/farofadecolher.com.br\/loja\/?s={search_term_string}"},"query-input":{"@type":"PropertyValueSpecification","valueRequired":true,"valueName":"search_term_string"}}],"inLanguage":"pt-BR"},{"@type":"Organization","@id":"https:\/\/farofadecolher.com.br\/loja\/#organization","name":"Far\u00f3","alternateName":"FarofaDeColher.com.br","url":"https:\/\/farofadecolher.com.br\/loja\/","logo":{"@type":"ImageObject","inLanguage":"pt-BR","@id":"https:\/\/farofadecolher.com.br\/loja\/#\/schema\/logo\/image\/","url":"https:\/\/farofadecolher.com.br\/loja\/wp-content\/uploads\/2021\/11\/cropped-Logo-1.png","contentUrl":"https:\/\/farofadecolher.com.br\/loja\/wp-content\/uploads\/2021\/11\/cropped-Logo-1.png","width":822,"height":409,"caption":"Far\u00f3"},"image":{"@id":"https:\/\/farofadecolher.com.br\/loja\/#\/schema\/logo\/image\/"},"sameAs":["https:\/\/www.instagram.com\/brumatteoni\/"]}]}},"_links":{"self":[{"href":"https:\/\/farofadecolher.com.br\/loja\/wp-json\/wp\/v2\/product\/1286","targetHints":{"allow":["GET"]}}],"collection":[{"href":"https:\/\/farofadecolher.com.br\/loja\/wp-json\/wp\/v2\/product"}],"about":[{"href":"https:\/\/farofadecolher.com.br\/loja\/wp-json\/wp\/v2\/types\/product"}],"replies":[{"embeddable":true,"href":"https:\/\/farofadecolher.com.br\/loja\/wp-json\/wp\/v2\/comments?post=1286"}],"wp:featuredmedia":[{"embeddable":true,"href":"https:\/\/farofadecolher.com.br\/loja\/wp-json\/wp\/v2\/media\/1628"}],"wp:attachment":[{"href":"https:\/\/farofadecolher.com.br\/loja\/wp-json\/wp\/v2\/media?parent=1286"}],"wp:term":[{"taxonomy":"product_brand","embeddable":true,"href":"https:\/\/farofadecolher.com.br\/loja\/wp-json\/wp\/v2\/product_brand?post=1286"},{"taxonomy":"product_cat","embeddable":true,"href":"https:\/\/farofadecolher.com.br\/loja\/wp-json\/wp\/v2\/product_cat?post=1286"},{"taxonomy":"product_tag","embeddable":true,"href":"https:\/\/farofadecolher.com.br\/loja\/wp-json\/wp\/v2\/product_tag?post=1286"}],"curies":[{"name":"wp","href":"https:\/\/api.w.org\/{rel}","templated":true}]}}